{"id":1031,"date":"2021-09-30T07:16:55","date_gmt":"2021-09-30T07:16:55","guid":{"rendered":"https:\/\/meetlocals.ro\/?page_id=1031"},"modified":"2022-06-22T09:06:25","modified_gmt":"2022-06-22T09:06:25","slug":"devino-furnizor","status":"publish","type":"page","link":"https:\/\/meetlocals.ro\/en\/devino-furnizor\/","title":{"rendered":"Become a Supplier"},"content":{"rendered":"<div data-elementor-type=\"wp-page\" data-elementor-id=\"1031\" class=\"elementor elementor-1031\" data-elementor-settings=\"[]\">\n\t\t\t\t\t\t\t<div class=\"elementor-section-wrap\">\n\t\t\t\t\t\t\t<section class=\"elementor-section elementor-top-section elementor-element elementor-element-b440862 elementor-section-boxed elementor-section-height-default elementor-section-height-default\" data-id=\"b440862\" data-element_type=\"section\">\n\t\t\t\t\t\t<div class=\"elementor-container elementor-column-gap-default\">\n\t\t\t\t\t<div class=\"elementor-column elementor-col-100 elementor-top-column elementor-element elementor-element-a00252b\" data-id=\"a00252b\" data-element_type=\"column\">\n\t\t\t<div class=\"elementor-widget-wrap elementor-element-populated\">\n\t\t\t\t\t\t\t\t<div class=\"elementor-element elementor-element-4ca060b elementor-widget elementor-widget-text-editor\" data-id=\"4ca060b\" data-element_type=\"widget\" data-widget_type=\"text-editor.default\">\n\t\t\t\t<div class=\"elementor-widget-container\">\n\t\t\t\t\t\t\t<p><span style=\"color: #333333;\"><b>Do you offer a local experience and want everyone to know about it? Then Meet Locals is for you.\nWe are a distribution channel that gives you the opportunity to increase your revenue by promoting your offers to new customers.<\/b><\/span><\/p><p><span style=\"font-weight: 400;\">Meet Locals is an intuitive and complete booking platform<\/span> <span style=\"font-weight: 400;\">that offers a multitude of authentic experiences and leisure options for Romanian tourists, ensuring national exposure with local expertise.<\/span><\/p>\t\t\t\t\t\t<\/div>\n\t\t\t\t<\/div>\n\t\t\t\t\t<\/div>\n\t\t<\/div>\n\t\t\t\t\t\t\t<\/div>\n\t\t<\/section>\n\t\t\t\t<section class=\"elementor-section elementor-top-section elementor-element elementor-element-baa27f3 elementor-section-boxed elementor-section-height-default elementor-section-height-default\" data-id=\"baa27f3\" data-element_type=\"section\">\n\t\t\t\t\t\t<div class=\"elementor-container elementor-column-gap-default\">\n\t\t\t\t\t<div class=\"elementor-column elementor-col-50 elementor-top-column elementor-element elementor-element-249bca8\" data-id=\"249bca8\" data-element_type=\"column\">\n\t\t\t<div class=\"elementor-widget-wrap elementor-element-populated\">\n\t\t\t\t\t\t\t\t<div class=\"elementor-element elementor-element-e83c459 elementor-widget elementor-widget-image\" data-id=\"e83c459\" data-element_type=\"widget\" data-widget_type=\"image.default\">\n\t\t\t\t<div class=\"elementor-widget-container\">\n\t\t\t\t\t\t\t\t\t\t\t\t\t\t\t<img decoding=\"async\" src=\"https:\/\/meetlocals.ro\/wp-content\/uploads\/elementor\/thumbs\/AER8-phnd9zxmbt3xu2rui3dmvpn3kl3uvzy7c1k1x8zho8.jpg\" title=\"AER8\" alt=\"AER8\" \/>\t\t\t\t\t\t\t\t\t\t\t\t\t\t\t<\/div>\n\t\t\t\t<\/div>\n\t\t\t\t\t<\/div>\n\t\t<\/div>\n\t\t\t\t<div class=\"elementor-column elementor-col-50 elementor-top-column elementor-element elementor-element-0734913\" data-id=\"0734913\" data-element_type=\"column\">\n\t\t\t<div class=\"elementor-widget-wrap elementor-element-populated\">\n\t\t\t\t\t\t\t\t<div class=\"elementor-element elementor-element-bb7be72 elementor-widget elementor-widget-image\" data-id=\"bb7be72\" data-element_type=\"widget\" data-widget_type=\"image.default\">\n\t\t\t\t<div class=\"elementor-widget-container\">\n\t\t\t\t\t\t\t\t\t\t\t\t\t\t\t<img decoding=\"async\" src=\"https:\/\/meetlocals.ro\/wp-content\/uploads\/elementor\/thumbs\/live-cooking-phndbtqbm7m0es49tvtiq91d5k3jut7ex381im9xko.jpg\" title=\"live-cooking\" alt=\"live-cooking\" \/>\t\t\t\t\t\t\t\t\t\t\t\t\t\t\t<\/div>\n\t\t\t\t<\/div>\n\t\t\t\t\t<\/div>\n\t\t<\/div>\n\t\t\t\t\t\t\t<\/div>\n\t\t<\/section>\n\t\t\t\t<section class=\"elementor-section elementor-top-section elementor-element elementor-element-9a7490f elementor-section-boxed elementor-section-height-default elementor-section-height-default\" data-id=\"9a7490f\" data-element_type=\"section\">\n\t\t\t\t\t\t<div class=\"elementor-container elementor-column-gap-default\">\n\t\t\t\t\t<div class=\"elementor-column elementor-col-100 elementor-top-column elementor-element elementor-element-2b94f04\" data-id=\"2b94f04\" data-element_type=\"column\">\n\t\t\t<div class=\"elementor-widget-wrap elementor-element-populated\">\n\t\t\t\t\t\t\t\t<div class=\"elementor-element elementor-element-65ab35a elementor-widget elementor-widget-text-editor\" data-id=\"65ab35a\" data-element_type=\"widget\" data-widget_type=\"text-editor.default\">\n\t\t\t\t<div class=\"elementor-widget-container\">\n\t\t\t\t\t\t\t<p><span style=\"font-weight: 400;\">We promote local experiences and activities, using the latest technology, and the main distribution channel is represented by hotels, travel agencies and event planning agencies in Bucharest, Constanta and seaside resorts, Danube Delta, Sibiu, Brasov, Craiova, Timisoara, Cluj-Napoca, Iasi.<\/span><\/p><p><span style=\"font-weight: 400;\">Dozens of travel agencies and hotels looking forward to working with you are just a click away!<\/span><\/p><p>\u00a0<\/p>\t\t\t\t\t\t<\/div>\n\t\t\t\t<\/div>\n\t\t\t\t\t<\/div>\n\t\t<\/div>\n\t\t\t\t\t\t\t<\/div>\n\t\t<\/section>\n\t\t\t\t<section class=\"elementor-section elementor-top-section elementor-element elementor-element-2fea248 elementor-section-boxed elementor-section-height-default elementor-section-height-default\" data-id=\"2fea248\" data-element_type=\"section\">\n\t\t\t\t\t\t<div class=\"elementor-container elementor-column-gap-default\">\n\t\t\t\t\t<div class=\"elementor-column elementor-col-50 elementor-top-column elementor-element elementor-element-3007fdd\" data-id=\"3007fdd\" data-element_type=\"column\">\n\t\t\t<div class=\"elementor-widget-wrap elementor-element-populated\">\n\t\t\t\t\t\t\t\t<div class=\"elementor-element elementor-element-93d7616 elementor-widget elementor-widget-image\" data-id=\"93d7616\" data-element_type=\"widget\" data-widget_type=\"image.default\">\n\t\t\t\t<div class=\"elementor-widget-container\">\n\t\t\t\t\t\t\t\t\t\t\t\t\t\t\t<img decoding=\"async\" src=\"https:\/\/meetlocals.ro\/wp-content\/uploads\/elementor\/thumbs\/tur-in-piata-mare-sibiu-phndf0emrzyzr7hp89e06g3lmkebxvuo0uta2djwhk.jpg\" title=\"tur-in-piata-mare-sibiu\" alt=\"tur-in-piata-mare-sibiu\" \/>\t\t\t\t\t\t\t\t\t\t\t\t\t\t\t<\/div>\n\t\t\t\t<\/div>\n\t\t\t\t\t<\/div>\n\t\t<\/div>\n\t\t\t\t<div class=\"elementor-column elementor-col-50 elementor-top-column elementor-element elementor-element-11841e1\" data-id=\"11841e1\" data-element_type=\"column\">\n\t\t\t<div class=\"elementor-widget-wrap elementor-element-populated\">\n\t\t\t\t\t\t\t\t<div class=\"elementor-element elementor-element-5649208 elementor-widget elementor-widget-image\" data-id=\"5649208\" data-element_type=\"widget\" data-widget_type=\"image.default\">\n\t\t\t\t<div class=\"elementor-widget-container\">\n\t\t\t\t\t\t\t\t\t\t\t\t\t\t\t<img decoding=\"async\" src=\"https:\/\/meetlocals.ro\/wp-content\/uploads\/elementor\/thumbs\/unnamed-phndffg1tcjkwyvusfw1acaz4qc7d1idex91qsxlq0.jpg\" title=\"unnamed\" alt=\"unnamed\" \/>\t\t\t\t\t\t\t\t\t\t\t\t\t\t\t<\/div>\n\t\t\t\t<\/div>\n\t\t\t\t\t<\/div>\n\t\t<\/div>\n\t\t\t\t\t\t\t<\/div>\n\t\t<\/section>\n\t\t\t\t<section class=\"elementor-section elementor-top-section elementor-element elementor-element-82da642 elementor-section-boxed elementor-section-height-default elementor-section-height-default\" data-id=\"82da642\" data-element_type=\"section\">\n\t\t\t\t\t\t<div class=\"elementor-container elementor-column-gap-default\">\n\t\t\t\t\t<div class=\"elementor-column elementor-col-100 elementor-top-column elementor-element elementor-element-b070423\" data-id=\"b070423\" data-element_type=\"column\">\n\t\t\t<div class=\"elementor-widget-wrap elementor-element-populated\">\n\t\t\t\t\t\t\t\t<div class=\"elementor-element elementor-element-23e74a2 elementor-widget elementor-widget-text-editor\" data-id=\"23e74a2\" data-element_type=\"widget\" data-widget_type=\"text-editor.default\">\n\t\t\t\t<div class=\"elementor-widget-container\">\n\t\t\t\t\t\t\t<span style=\"font-weight: 400;\">Why be a Local Experience Provider for Meet Locals:\u00a0<\/span>\n<ul>\n \t<li style=\"font-weight: 400;\" aria-level=\"1\"><span style=\"font-weight: 400;\">Increase your revenue and customers by accessing a new audience<\/span><\/li>\n \t<li style=\"font-weight: 400;\" aria-level=\"1\"><span style=\"font-weight: 400;\">Sell your offers also in the off-season<\/span><\/li>\n \t<li style=\"font-weight: 400;\" aria-level=\"1\"><span style=\"font-weight: 400;\">You can quickly promote a new offer or experience through the platform<\/span><\/li>\n \t<li style=\"font-weight: 400;\" aria-level=\"1\"><span style=\"font-weight: 400;\">With notifications, you can easily keep track of all reservations, and an availability calendar.\u00a0<\/span><\/li>\n \t<li style=\"font-weight: 400;\" aria-level=\"1\"><span style=\"font-weight: 400;\">Receive support from experienced professionals<\/span><\/li>\n \t<li style=\"font-weight: 400;\" aria-level=\"1\"><span style=\"font-weight: 400;\">You differentiate yourself from the competition<\/span><\/li>\n<\/ul>\n<span style=\"font-weight: 400;\">Check out the benefits of working with Meet Locals here:<\/span>\n\n<iframe loading=\"lazy\" width=\"560\" height=\"315\" src=\"https:\/\/www.youtube.com\/embed\/a63_jHfv0pI\" title=\"YouTube video player\" frameborder=\"0\" allow=\"accelerometer; autoplay; clipboard-write; encrypted-media; gyroscope; picture-in-picture\" allowfullscreen><\/iframe>\t\t\t\t\t\t<\/div>\n\t\t\t\t<\/div>\n\t\t\t\t\t<\/div>\n\t\t<\/div>\n\t\t\t\t\t\t\t<\/div>\n\t\t<\/section>\n\t\t\t\t<section class=\"elementor-section elementor-top-section elementor-element elementor-element-da68128 elementor-section-boxed elementor-section-height-default elementor-section-height-default\" data-id=\"da68128\" data-element_type=\"section\">\n\t\t\t\t\t\t<div class=\"elementor-container elementor-column-gap-default\">\n\t\t\t\t\t<div class=\"elementor-column elementor-col-100 elementor-top-column elementor-element elementor-element-cccb3d7\" data-id=\"cccb3d7\" data-element_type=\"column\">\n\t\t\t<div class=\"elementor-widget-wrap elementor-element-populated\">\n\t\t\t\t\t\t\t\t<div class=\"elementor-element elementor-element-e893fbf elementor-widget elementor-widget-text-editor\" data-id=\"e893fbf\" data-element_type=\"widget\" data-widget_type=\"text-editor.default\">\n\t\t\t\t<div class=\"elementor-widget-container\">\n\t\t\t\t\t\t\t<p style=\"text-align: center;\"><a class=\"maxbutton-2 maxbutton maxbutton-hai-sa-ne-auzim\" href=\"https:\/\/meetlocals.ro\/en\/contacts\/\"><span class='mb-text'>Let's have a talk!<\/span><\/a><\/p>\t\t\t\t\t\t<\/div>\n\t\t\t\t<\/div>\n\t\t\t\t\t<\/div>\n\t\t<\/div>\n\t\t\t\t\t\t\t<\/div>\n\t\t<\/section>\n\t\t\t\t<section class=\"elementor-section elementor-top-section elementor-element elementor-element-cebb1bc elementor-section-boxed elementor-section-height-default elementor-section-height-default\" data-id=\"cebb1bc\" data-element_type=\"section\">\n\t\t\t\t\t\t<div class=\"elementor-container elementor-column-gap-default\">\n\t\t\t\t\t<div class=\"elementor-column elementor-col-100 elementor-top-column elementor-element elementor-element-6aff1b9\" data-id=\"6aff1b9\" data-element_type=\"column\">\n\t\t\t<div class=\"elementor-widget-wrap elementor-element-populated\">\n\t\t\t\t\t\t\t\t<div class=\"elementor-element elementor-element-3721b92 elementor-widget elementor-widget-text-editor\" data-id=\"3721b92\" data-element_type=\"widget\" data-widget_type=\"text-editor.default\">\n\t\t\t\t<div class=\"elementor-widget-container\">\n\t\t\t\t\t\t\t<section class=\"elementor-section elementor-top-section elementor-element elementor-element-8c0f20a elementor-section-boxed elementor-section-height-default elementor-section-height-default\" data-id=\"8c0f20a\" data-element_type=\"section\"><div class=\"elementor-container elementor-column-gap-default\"><div class=\"elementor-column elementor-col-100 elementor-top-column elementor-element elementor-element-eb78485\" data-id=\"eb78485\" data-element_type=\"column\"><div class=\"elementor-widget-wrap elementor-element-populated\"><div class=\"elementor-element elementor-element-5d0b327 elementor-widget elementor-widget-text-editor\" data-id=\"5d0b327\" data-element_type=\"widget\" data-widget_type=\"text-editor.default\"><div class=\"elementor-widget-container\"><section class=\"elementor-section elementor-top-section elementor-element elementor-element-8c0f20a elementor-section-boxed elementor-section-height-default elementor-section-height-default\" data-id=\"8c0f20a\" data-element_type=\"section\"><div class=\"elementor-container elementor-column-gap-default\"><div class=\"elementor-column elementor-col-100 elementor-top-column elementor-element elementor-element-eb78485\" data-id=\"eb78485\" data-element_type=\"column\"><div class=\"elementor-widget-wrap elementor-element-populated\"><div class=\"elementor-element elementor-element-5d0b327 elementor-widget elementor-widget-text-editor\" data-id=\"5d0b327\" data-element_type=\"widget\" data-widget_type=\"text-editor.default\"><div class=\"elementor-widget-container\"><p class=\"LC20lb MBeuO DKV0Md\" style=\"text-align: center;\"><span style=\"color: #00be83;\"><strong>Follow us on social media<\/strong><\/span><\/p><\/div><\/div><\/div><\/div><\/div><\/section><\/div><\/div><\/div><\/div><\/div><\/section>\t\t\t\t\t\t<\/div>\n\t\t\t\t<\/div>\n\t\t\t\t<div class=\"elementor-element elementor-element-56c38e1 elementor-shape-rounded elementor-grid-0 e-grid-align-center elementor-widget elementor-widget-social-icons\" data-id=\"56c38e1\" data-element_type=\"widget\" data-widget_type=\"social-icons.default\">\n\t\t\t\t<div class=\"elementor-widget-container\">\n\t\t\t\t\t<div class=\"elementor-social-icons-wrapper elementor-grid\">\n\t\t\t\t\t\t\t<span class=\"elementor-grid-item\">\n\t\t\t\t\t<a class=\"elementor-icon elementor-social-icon elementor-social-icon-facebook elementor-repeater-item-9c23352\" href=\"https:\/\/www.facebook.com\/Meet-Locals-103042728893456\/\" target=\"_blank\">\n\t\t\t\t\t\t<span class=\"elementor-screen-only\">Facebook<\/span>\n\t\t\t\t\t\t<i class=\"fab fa-facebook\"><\/i>\t\t\t\t\t<\/a>\n\t\t\t\t<\/span>\n\t\t\t\t\t\t\t<span class=\"elementor-grid-item\">\n\t\t\t\t\t<a class=\"elementor-icon elementor-social-icon elementor-social-icon-youtube elementor-repeater-item-731bf4e\" href=\"https:\/\/www.youtube.com\/channel\/UCaJLhofXbtzTei8byBlRdTA\" target=\"_blank\">\n\t\t\t\t\t\t<span class=\"elementor-screen-only\">Youtube<\/span>\n\t\t\t\t\t\t<i class=\"fab fa-youtube\"><\/i>\t\t\t\t\t<\/a>\n\t\t\t\t<\/span>\n\t\t\t\t\t\t\t<span class=\"elementor-grid-item\">\n\t\t\t\t\t<a class=\"elementor-icon elementor-social-icon elementor-social-icon-linkedin elementor-repeater-item-442243e\" href=\"https:\/\/www.linkedin.com\/company\/meet-locals\/?viewAsMember=true%20youtube%20https:\/\/www.youtube.com\/channel\/UCaJLhofXbtzTei8byBlRdTA\" target=\"_blank\">\n\t\t\t\t\t\t<span class=\"elementor-screen-only\">Linkedin<\/span>\n\t\t\t\t\t\t<i class=\"fab fa-linkedin\"><\/i>\t\t\t\t\t<\/a>\n\t\t\t\t<\/span>\n\t\t\t\t\t\t\t<span class=\"elementor-grid-item\">\n\t\t\t\t\t<a class=\"elementor-icon elementor-social-icon elementor-social-icon-instagram elementor-repeater-item-c4e42be\" href=\"https:\/\/www.instagram.com\/meetlocals21\/\" target=\"_blank\">\n\t\t\t\t\t\t<span class=\"elementor-screen-only\">Instagram<\/span>\n\t\t\t\t\t\t<i class=\"fab fa-instagram\"><\/i>\t\t\t\t\t<\/a>\n\t\t\t\t<\/span>\n\t\t\t\t\t<\/div>\n\t\t\t\t<\/div>\n\t\t\t\t<\/div>\n\t\t\t\t\t<\/div>\n\t\t<\/div>\n\t\t\t\t\t\t\t<\/div>\n\t\t<\/section>\n\t\t\t\t<section class=\"elementor-section elementor-top-section elementor-element elementor-element-0215b3e elementor-section-boxed elementor-section-height-default elementor-section-height-default\" data-id=\"0215b3e\" data-element_type=\"section\">\n\t\t\t\t\t\t<div class=\"elementor-container elementor-column-gap-default\">\n\t\t\t\t\t<div class=\"elementor-column elementor-col-100 elementor-top-column elementor-element elementor-element-59013ce\" data-id=\"59013ce\" data-element_type=\"column\">\n\t\t\t<div class=\"elementor-widget-wrap elementor-element-populated\">\n\t\t\t\t\t\t\t\t<div class=\"elementor-element elementor-element-62de5b6 elementor-widget-divider--view-line elementor-widget elementor-widget-divider\" data-id=\"62de5b6\" data-element_type=\"widget\" data-widget_type=\"divider.default\">\n\t\t\t\t<div class=\"elementor-widget-container\">\n\t\t\t\t\t<div class=\"elementor-divider\">\n\t\t\t<span class=\"elementor-divider-separator\">\n\t\t\t\t\t\t<\/span>\n\t\t<\/div>\n\t\t\t\t<\/div>\n\t\t\t\t<\/div>\n\t\t\t\t\t<\/div>\n\t\t<\/div>\n\t\t\t\t\t\t\t<\/div>\n\t\t<\/section>\n\t\t\t\t\t\t<\/div>\n\t\t\t\t\t<\/div>","protected":false},"excerpt":{"rendered":"<p>Daca esti furnizor de experiente locale,\u00a0 acest nou canal de distribu\u0163ie iti ofer\u0103 posibilitatea de a-ti creste veniturile, promovand ofertele tale unor clien\u0163i noi. Meet Locals este o platforma de rezervari intuitiva si completa care ofera o multitudine de experiente autentice si optiuni de petrecere a timpului liber pentru turistii din Romania, asigurand expunere la [&hellip;]<\/p>","protected":false},"author":1,"featured_media":0,"parent":0,"menu_order":0,"comment_status":"closed","ping_status":"closed","template":"full-width.php","meta":[],"yoast_head":"<!-- This site is optimized with the Yoast SEO plugin v20.2.1 - https:\/\/yoast.com\/wordpress\/plugins\/seo\/ -->\n<title>Devino furnizor - Your Best B2B Local Experiences Choice<\/title>\n<meta name=\"description\" content=\"Daca esti furnizor de experiente locale, acest nou canal de distribu\u0163ie iti ofer\u0103 posibilitatea de a-ti creste veniturile, promovand...\" \/>\n<meta name=\"robots\" content=\"index, follow, max-snippet:-1, max-image-preview:large, max-video-preview:-1\" \/>\n<link rel=\"canonical\" href=\"https:\/\/meetlocals.ro\/en\/devino-furnizor\/\" \/>\n<meta property=\"og:locale\" content=\"en_GB\" \/>\n<meta property=\"og:type\" content=\"article\" \/>\n<meta property=\"og:title\" content=\"Devino furnizor - Your Best B2B Local Experiences Choice\" \/>\n<meta property=\"og:description\" content=\"Daca esti furnizor de experiente locale, acest nou canal de distribu\u0163ie iti ofer\u0103 posibilitatea de a-ti creste veniturile, promovand...\" \/>\n<meta property=\"og:url\" content=\"https:\/\/meetlocals.ro\/en\/devino-furnizor\/\" \/>\n<meta property=\"og:site_name\" content=\"Your Best B2B Local Experiences Choice\" \/>\n<meta property=\"article:modified_time\" content=\"2022-06-22T09:06:25+00:00\" \/>\n<meta property=\"og:image\" content=\"https:\/\/meetlocals.ro\/wp-content\/uploads\/elementor\/thumbs\/AER8-phnd9zxmbt3xu2rui3dmvpn3kl3uvzy7c1k1x8zho8.jpg\" \/>\n<meta name=\"twitter:card\" content=\"summary_large_image\" \/>\n<meta name=\"twitter:label1\" content=\"Estimated reading time\" \/>\n\t<meta name=\"twitter:data1\" content=\"3 minutes\" \/>\n<script type=\"application\/ld+json\" class=\"yoast-schema-graph\">{\"@context\":\"https:\/\/schema.org\",\"@graph\":[{\"@type\":\"WebPage\",\"@id\":\"https:\/\/meetlocals.ro\/devino-furnizor\/\",\"url\":\"https:\/\/meetlocals.ro\/devino-furnizor\/\",\"name\":\"Devino furnizor - Your Best B2B Local Experiences Choice\",\"isPartOf\":{\"@id\":\"https:\/\/meetlocals.ro\/#website\"},\"datePublished\":\"2021-09-30T07:16:55+00:00\",\"dateModified\":\"2022-06-22T09:06:25+00:00\",\"description\":\"Daca esti furnizor de experiente locale, acest nou canal de distribu\u0163ie iti ofer\u0103 posibilitatea de a-ti creste veniturile, promovand...\",\"breadcrumb\":{\"@id\":\"https:\/\/meetlocals.ro\/devino-furnizor\/#breadcrumb\"},\"inLanguage\":\"en-GB\",\"potentialAction\":[{\"@type\":\"ReadAction\",\"target\":[\"https:\/\/meetlocals.ro\/devino-furnizor\/\"]}]},{\"@type\":\"BreadcrumbList\",\"@id\":\"https:\/\/meetlocals.ro\/devino-furnizor\/#breadcrumb\",\"itemListElement\":[{\"@type\":\"ListItem\",\"position\":1,\"name\":\"Prima pagin\u0103\",\"item\":\"https:\/\/meetlocals.ro\/\"},{\"@type\":\"ListItem\",\"position\":2,\"name\":\"Devino furnizor\"}]},{\"@type\":\"WebSite\",\"@id\":\"https:\/\/meetlocals.ro\/#website\",\"url\":\"https:\/\/meetlocals.ro\/\",\"name\":\"Your Best B2B Local Experiences Choice\",\"description\":\"Your Best B2B Local Experiences Choice\",\"publisher\":{\"@id\":\"https:\/\/meetlocals.ro\/#organization\"},\"potentialAction\":[{\"@type\":\"SearchAction\",\"target\":{\"@type\":\"EntryPoint\",\"urlTemplate\":\"https:\/\/meetlocals.ro\/?s={search_term_string}\"},\"query-input\":\"required name=search_term_string\"}],\"inLanguage\":\"en-GB\"},{\"@type\":\"Organization\",\"@id\":\"https:\/\/meetlocals.ro\/#organization\",\"name\":\"Meet Locals\",\"url\":\"https:\/\/meetlocals.ro\/\",\"logo\":{\"@type\":\"ImageObject\",\"inLanguage\":\"en-GB\",\"@id\":\"https:\/\/meetlocals.ro\/#\/schema\/logo\/image\/\",\"url\":\"https:\/\/meetlocals.ro\/wp-content\/uploads\/2021\/09\/logo.png\",\"contentUrl\":\"https:\/\/meetlocals.ro\/wp-content\/uploads\/2021\/09\/logo.png\",\"width\":274,\"height\":211,\"caption\":\"Meet Locals\"},\"image\":{\"@id\":\"https:\/\/meetlocals.ro\/#\/schema\/logo\/image\/\"}}]}<\/script>\n<!-- \/ Yoast SEO plugin. -->","yoast_head_json":{"title":"Devino furnizor - Your Best B2B Local Experiences Choice","description":"Daca esti furnizor de experiente locale, acest nou canal de distribu\u0163ie iti ofer\u0103 posibilitatea de a-ti creste veniturile, promovand...","robots":{"index":"index","follow":"follow","max-snippet":"max-snippet:-1","max-image-preview":"max-image-preview:large","max-video-preview":"max-video-preview:-1"},"canonical":"https:\/\/meetlocals.ro\/en\/devino-furnizor\/","og_locale":"en_GB","og_type":"article","og_title":"Devino furnizor - Your Best B2B Local Experiences Choice","og_description":"Daca esti furnizor de experiente locale, acest nou canal de distribu\u0163ie iti ofer\u0103 posibilitatea de a-ti creste veniturile, promovand...","og_url":"https:\/\/meetlocals.ro\/en\/devino-furnizor\/","og_site_name":"Your Best B2B Local Experiences Choice","article_modified_time":"2022-06-22T09:06:25+00:00","og_image":[{"url":"https:\/\/meetlocals.ro\/wp-content\/uploads\/elementor\/thumbs\/AER8-phnd9zxmbt3xu2rui3dmvpn3kl3uvzy7c1k1x8zho8.jpg"}],"twitter_card":"summary_large_image","twitter_misc":{"Estimated reading time":"3 minutes"},"schema":{"@context":"https:\/\/schema.org","@graph":[{"@type":"WebPage","@id":"https:\/\/meetlocals.ro\/devino-furnizor\/","url":"https:\/\/meetlocals.ro\/devino-furnizor\/","name":"Devino furnizor - Your Best B2B Local Experiences Choice","isPartOf":{"@id":"https:\/\/meetlocals.ro\/#website"},"datePublished":"2021-09-30T07:16:55+00:00","dateModified":"2022-06-22T09:06:25+00:00","description":"Daca esti furnizor de experiente locale, acest nou canal de distribu\u0163ie iti ofer\u0103 posibilitatea de a-ti creste veniturile, promovand...","breadcrumb":{"@id":"https:\/\/meetlocals.ro\/devino-furnizor\/#breadcrumb"},"inLanguage":"en-GB","potentialAction":[{"@type":"ReadAction","target":["https:\/\/meetlocals.ro\/devino-furnizor\/"]}]},{"@type":"BreadcrumbList","@id":"https:\/\/meetlocals.ro\/devino-furnizor\/#breadcrumb","itemListElement":[{"@type":"ListItem","position":1,"name":"Prima pagin\u0103","item":"https:\/\/meetlocals.ro\/"},{"@type":"ListItem","position":2,"name":"Devino furnizor"}]},{"@type":"WebSite","@id":"https:\/\/meetlocals.ro\/#website","url":"https:\/\/meetlocals.ro\/","name":"Your Best B2B Local Experiences Choice","description":"Your Best B2B Local Experiences Choice","publisher":{"@id":"https:\/\/meetlocals.ro\/#organization"},"potentialAction":[{"@type":"SearchAction","target":{"@type":"EntryPoint","urlTemplate":"https:\/\/meetlocals.ro\/?s={search_term_string}"},"query-input":"required name=search_term_string"}],"inLanguage":"en-GB"},{"@type":"Organization","@id":"https:\/\/meetlocals.ro\/#organization","name":"Meet Locals","url":"https:\/\/meetlocals.ro\/","logo":{"@type":"ImageObject","inLanguage":"en-GB","@id":"https:\/\/meetlocals.ro\/#\/schema\/logo\/image\/","url":"https:\/\/meetlocals.ro\/wp-content\/uploads\/2021\/09\/logo.png","contentUrl":"https:\/\/meetlocals.ro\/wp-content\/uploads\/2021\/09\/logo.png","width":274,"height":211,"caption":"Meet Locals"},"image":{"@id":"https:\/\/meetlocals.ro\/#\/schema\/logo\/image\/"}}]}},"_links":{"self":[{"href":"https:\/\/meetlocals.ro\/en\/wp-json\/wp\/v2\/pages\/1031"}],"collection":[{"href":"https:\/\/meetlocals.ro\/en\/wp-json\/wp\/v2\/pages"}],"about":[{"href":"https:\/\/meetlocals.ro\/en\/wp-json\/wp\/v2\/types\/page"}],"author":[{"embeddable":true,"href":"https:\/\/meetlocals.ro\/en\/wp-json\/wp\/v2\/users\/1"}],"replies":[{"embeddable":true,"href":"https:\/\/meetlocals.ro\/en\/wp-json\/wp\/v2\/comments?post=1031"}],"version-history":[{"count":0,"href":"https:\/\/meetlocals.ro\/en\/wp-json\/wp\/v2\/pages\/1031\/revisions"}],"wp:attachment":[{"href":"https:\/\/meetlocals.ro\/en\/wp-json\/wp\/v2\/media?parent=1031"}],"curies":[{"name":"wp","href":"https:\/\/api.w.org\/{rel}","templated":true}]}}