{"id":1678,"date":"2022-01-11T12:13:31","date_gmt":"2022-01-11T12:13:31","guid":{"rendered":"https:\/\/meetlocals.ro\/?page_id=1678"},"modified":"2023-05-10T08:11:45","modified_gmt":"2023-05-10T08:11:45","slug":"termeni-si-conditii","status":"publish","type":"page","link":"https:\/\/meetlocals.ro\/en\/termeni-si-conditii\/","title":{"rendered":"Terms and conditions"},"content":{"rendered":"<div data-elementor-type=\"wp-page\" data-elementor-id=\"1678\" class=\"elementor elementor-1678\" data-elementor-settings=\"[]\">\n\t\t\t\t\t\t\t<div class=\"elementor-section-wrap\">\n\t\t\t\t\t\t\t<section class=\"elementor-section elementor-top-section elementor-element elementor-element-0336728 elementor-section-boxed elementor-section-height-default elementor-section-height-default\" data-id=\"0336728\" data-element_type=\"section\">\n\t\t\t\t\t\t<div class=\"elementor-container elementor-column-gap-default\">\n\t\t\t\t\t<div class=\"elementor-column elementor-col-100 elementor-top-column elementor-element elementor-element-da9de42\" data-id=\"da9de42\" data-element_type=\"column\">\n\t\t\t<div class=\"elementor-widget-wrap elementor-element-populated\">\n\t\t\t\t\t\t\t\t<div class=\"elementor-element elementor-element-ffb32e4 elementor-widget elementor-widget-text-editor\" data-id=\"ffb32e4\" data-element_type=\"widget\" data-widget_type=\"text-editor.default\">\n\t\t\t\t<div class=\"elementor-widget-container\">\n\t\t\t\t\t\t\t<p>Please make sure you read and understand the following terms and conditions:<\/p><p><b>General conditions of use of the website:<\/b><\/p><p>By accessing and using this site, you automatically agree to all of the terms and conditions below. These terms and conditions apply to all users of the site. The following site is managed by Meet Locals, the organizing travel agency, registered with the Trade Register under no. J 13\/1299\/2021, CIF 44134748.<\/p><p>MeetLocals is a unique platform in Romania, an innovative project meant to promote local experiences and activities, using the latest technology. The Services are accessible and can be purchased by making a reservation (\"Reservation\") on the website https:\/\/meetlocals.ro\/ (\"Website\") and on any other sites through which Meet Locals makes the Services available (\"Site\"). s \u201d).<\/p><p><span style=\"color: #ff0000;\">Meet Locals reserves the right to change rates, products, and other terms and conditions on the www.meetlocals.ro website without notice.<\/span> An exception will be made for already completed and confirmed bookings made for a future date; in this case, users will be notified either electronically or by other available means of such changes.<\/p><p>The travel contract is established between the Partner and Meet Locals. The contract is valid from the moment the booking confirmation is sent to you.<\/p><p><strong>Terms and conditions of use:<\/strong><br \/>\u2022 Users are obliged to comply with the laws and regulations applied in Romania;<br \/>\u2022Users are responsible for informing all other traveling parties about the content of the terms and conditions on the site.<br \/>\u2022 Users agree to be legally bound by the Privacy Policy<br \/>\u2022 Users are not allowed to use the content of the site for commercial purposes. Any request for republishing or redistributing the content will be addressed to the agency at office@meetlocals.ro<br \/>\u2022 Users guarantee that they will not use the website for speculative purposes, such as generating false or fraudulent reservations that could cause material or image damage to the agency.<\/p><p><strong>Reservations:<\/strong><br \/>Reservations are required for all services provided by the agency. Reservations will be made online by accessing our website or by contacting us by phone at 0734 986 289 or by e-mail at office@meetlocals.ro. For the reservation to be valid, the customer must provide the following information:<\/p><p>\u2022 the full name of the main passenger and the number of participants<br \/>\u2022 date of booking and name of the chosen program<\/p><p>If the required information is incorrect or complete, the agency will not consider the reservation.<br \/>By making a reservation, you guarantee that you are over 18 years of age and have the legal capacity to initiate legal action.<br \/>By your consent, by booking services with us, personal data and other information provided by you will be used and processed by Meet Locals and our Partners for the generation of legal documents and communication with you in accordance with the legal system of Romania.<\/p><p><strong>Reservation confirmation:<\/strong><br \/>For successful bookings, our company will send you a confirmation email. Please read carefully, as they contain important information about the reserved services. If you have not received your confirmation message, please check your email messages or spam, and if you do not have them, please call us.<\/p><p><span style=\"color: #ff0000;\"><strong>Rates and discounts:<\/strong><\/span><br \/>Rates for all services provided by Meet Locals do not include additional taxes, fees and surcharges. Additional costs such as personal expenses or photo and video fees are not included in the rates.<br \/>Groups of five or more people have special rates. Discounts do not accrue and do not apply to other promotions or special offers.<br \/>No discounts requested during tours will apply.<\/p><p><span style=\"color: #000000;\"><strong>Payment methods:<\/strong><\/span><br \/>For all reservations made on our website, payment is made by payment order signed by the beneficiary's bank, cash, card, bank transfer according to the collaboration contract.\u00a0<\/p><p><strong><span style=\"color: #ff0000;\">Cancellation policies:<\/span><\/strong><br \/>All cancellation requests must be sent to the e-mail: office@meetlocals.ro. Cancellation requests made by phone will not be accepted.<br \/>Cancellation is free of charge when requested 24 hours before the event. If the cancellation is made after this period or in case of no-show, the penalty will be equal to the value of the reserved activity. If other cancellation conditions are established, depending on each activity, it will be mentioned in the description of the activity. <br \/>In case of cancellation or changes made to the trips by the operator, you will be notified by phone or e-mail. In case of cancellation or modification of the services, you will be offered the option to change the date of the activity, to choose another activity or to benefit from a 100% refund of the amount already paid.<\/p><p><strong>Pick-up and return points:<\/strong><br \/>It is mandatory to be at the boarding place at least 10 minutes before the start of the activity.<\/p><p>The start time of the tours may be different from the standard time displayed on the site, and the agency reserves the right to re-establish boarding points under the influence of external factors (boulevards closed due to various public actions such as events or marathons).<\/p><p>Customers must be at the place of embarkation at least 10 minutes before the start of the activity. If the tourists are delayed more than 5 minutes from the set time, the tour is canceled without the possibility of refunding the amount already paid.<\/p><p><strong>Transport:<\/strong><br \/>Please note that it is not possible to reserve seats before the start of the tour so the vehicle will be filled according to the premise \"first come - first served\".<br \/>For the protection of customers, smoking, the consumption of alcohol and prohibited substances inside vehicles is strictly prohibited and is punishable under applicable law.<br \/>Please note that vehicles are not equipped for people with special needs.<\/p><p><strong>Terms and conditions:<\/strong><br \/>The agency does not take responsibility for lost or forgotten things. We can't guarantee to find the lost items, but if they are found and you want us to send them to a specific address, you will bear the cost of shipping.<br \/>During the breaks on the tour route, please note the departure time so that if you are not present, the driver cannot wait, risking postponing the program.\u00a0<br \/>If you miss the departure of the bus during the tour, it is not possible to return the amount already paid, and the agency has no duty to offer you another way to continue the tour. You will have to reschedule your tour or find another means of transportation that will take you to the next stop of the bus at your own expense.\u00a0<br \/>The agency is not responsible for program changes or accessibility of tourist attractions brought by the local administration.\u00a0<br \/>The agency does not take responsibility for things forgotten by customers in restaurants, hotels or visited sites.<\/p>\t\t\t\t\t\t<\/div>\n\t\t\t\t<\/div>\n\t\t\t\t\t<\/div>\n\t\t<\/div>\n\t\t\t\t\t\t\t<\/div>\n\t\t<\/section>\n\t\t\t\t<section class=\"elementor-section elementor-top-section elementor-element elementor-element-8f2ae1a elementor-section-boxed elementor-section-height-default elementor-section-height-default\" data-id=\"8f2ae1a\" data-element_type=\"section\">\n\t\t\t\t\t\t<div class=\"elementor-container elementor-column-gap-default\">\n\t\t\t\t\t<div class=\"elementor-column elementor-col-100 elementor-top-column elementor-element elementor-element-3f7b46b\" data-id=\"3f7b46b\" data-element_type=\"column\">\n\t\t\t<div class=\"elementor-widget-wrap elementor-element-populated\">\n\t\t\t\t\t\t\t\t<div class=\"elementor-element elementor-element-86dbd26 elementor-widget-divider--view-line elementor-widget elementor-widget-divider\" data-id=\"86dbd26\" data-element_type=\"widget\" data-widget_type=\"divider.default\">\n\t\t\t\t<div class=\"elementor-widget-container\">\n\t\t\t\t\t<div class=\"elementor-divider\">\n\t\t\t<span class=\"elementor-divider-separator\">\n\t\t\t\t\t\t<\/span>\n\t\t<\/div>\n\t\t\t\t<\/div>\n\t\t\t\t<\/div>\n\t\t\t\t\t<\/div>\n\t\t<\/div>\n\t\t\t\t\t\t\t<\/div>\n\t\t<\/section>\n\t\t\t\t\t\t<\/div>\n\t\t\t\t\t<\/div>","protected":false},"excerpt":{"rendered":"<p>V\u0103 rug\u0103m s\u0103 v\u0103 asigura\u021bi c\u0103 citi\u021bi \u0219i \u00een\u021belege\u021bi urm\u0103torii termeni \u0219i condi\u021bii: Condi\u021bii generale de utilizare a site-ului web: Prin accesarea \u0219i utilizarea acestui site, accepta\u0163i automat to\u0163i termenii \u015fi condi\u021biile de mai jos. Ace\u0219ti termeni \u0219i condi\u021bii se vor aplica tuturor utilizatorilor site-ului. Urm\u0103torul site este administrat de Meet Locals, agentie de turism [&hellip;]<\/p>","protected":false},"author":1,"featured_media":0,"parent":0,"menu_order":0,"comment_status":"closed","ping_status":"closed","template":"","meta":[],"yoast_head":"<!-- This site is optimized with the Yoast SEO plugin v20.2.1 - https:\/\/yoast.com\/wordpress\/plugins\/seo\/ -->\n<title>Termeni si conditii - Your Best B2B Local Experiences Choice<\/title>\n<meta name=\"description\" content=\"Termeni si conditii\" \/>\n<meta name=\"robots\" content=\"noindex, nofollow\" \/>\n<meta property=\"og:locale\" content=\"en_GB\" \/>\n<meta property=\"og:type\" content=\"article\" \/>\n<meta property=\"og:title\" content=\"Termeni si conditii - Your Best B2B Local Experiences Choice\" \/>\n<meta property=\"og:description\" content=\"Termeni si conditii\" \/>\n<meta property=\"og:url\" content=\"https:\/\/meetlocals.ro\/en\/termeni-si-conditii\/\" \/>\n<meta property=\"og:site_name\" content=\"Your Best B2B Local Experiences Choice\" \/>\n<meta property=\"article:modified_time\" content=\"2023-05-10T08:11:45+00:00\" \/>\n<meta name=\"twitter:card\" content=\"summary_large_image\" \/>\n<meta name=\"twitter:label1\" content=\"Estimated reading time\" \/>\n\t<meta name=\"twitter:data1\" content=\"6 minutes\" \/>\n<script type=\"application\/ld+json\" class=\"yoast-schema-graph\">{\"@context\":\"https:\/\/schema.org\",\"@graph\":[{\"@type\":\"WebPage\",\"@id\":\"https:\/\/meetlocals.ro\/termeni-si-conditii\/\",\"url\":\"https:\/\/meetlocals.ro\/termeni-si-conditii\/\",\"name\":\"Termeni si conditii - Your Best B2B Local Experiences Choice\",\"isPartOf\":{\"@id\":\"https:\/\/meetlocals.ro\/#website\"},\"datePublished\":\"2022-01-11T12:13:31+00:00\",\"dateModified\":\"2023-05-10T08:11:45+00:00\",\"description\":\"Termeni si conditii\",\"breadcrumb\":{\"@id\":\"https:\/\/meetlocals.ro\/termeni-si-conditii\/#breadcrumb\"},\"inLanguage\":\"en-GB\",\"potentialAction\":[{\"@type\":\"ReadAction\",\"target\":[\"https:\/\/meetlocals.ro\/termeni-si-conditii\/\"]}]},{\"@type\":\"BreadcrumbList\",\"@id\":\"https:\/\/meetlocals.ro\/termeni-si-conditii\/#breadcrumb\",\"itemListElement\":[{\"@type\":\"ListItem\",\"position\":1,\"name\":\"Prima pagin\u0103\",\"item\":\"https:\/\/meetlocals.ro\/\"},{\"@type\":\"ListItem\",\"position\":2,\"name\":\"Termeni si conditii\"}]},{\"@type\":\"WebSite\",\"@id\":\"https:\/\/meetlocals.ro\/#website\",\"url\":\"https:\/\/meetlocals.ro\/\",\"name\":\"Your Best B2B Local Experiences Choice\",\"description\":\"Your Best B2B Local Experiences Choice\",\"publisher\":{\"@id\":\"https:\/\/meetlocals.ro\/#organization\"},\"potentialAction\":[{\"@type\":\"SearchAction\",\"target\":{\"@type\":\"EntryPoint\",\"urlTemplate\":\"https:\/\/meetlocals.ro\/?s={search_term_string}\"},\"query-input\":\"required name=search_term_string\"}],\"inLanguage\":\"en-GB\"},{\"@type\":\"Organization\",\"@id\":\"https:\/\/meetlocals.ro\/#organization\",\"name\":\"Meet Locals\",\"url\":\"https:\/\/meetlocals.ro\/\",\"logo\":{\"@type\":\"ImageObject\",\"inLanguage\":\"en-GB\",\"@id\":\"https:\/\/meetlocals.ro\/#\/schema\/logo\/image\/\",\"url\":\"https:\/\/meetlocals.ro\/wp-content\/uploads\/2021\/09\/logo.png\",\"contentUrl\":\"https:\/\/meetlocals.ro\/wp-content\/uploads\/2021\/09\/logo.png\",\"width\":274,\"height\":211,\"caption\":\"Meet Locals\"},\"image\":{\"@id\":\"https:\/\/meetlocals.ro\/#\/schema\/logo\/image\/\"}}]}<\/script>\n<!-- \/ Yoast SEO plugin. -->","yoast_head_json":{"title":"Termeni si conditii - Your Best B2B Local Experiences Choice","description":"Termeni si conditii","robots":{"index":"noindex","follow":"nofollow"},"og_locale":"en_GB","og_type":"article","og_title":"Termeni si conditii - Your Best B2B Local Experiences Choice","og_description":"Termeni si conditii","og_url":"https:\/\/meetlocals.ro\/en\/termeni-si-conditii\/","og_site_name":"Your Best B2B Local Experiences Choice","article_modified_time":"2023-05-10T08:11:45+00:00","twitter_card":"summary_large_image","twitter_misc":{"Estimated reading time":"6 minutes"},"schema":{"@context":"https:\/\/schema.org","@graph":[{"@type":"WebPage","@id":"https:\/\/meetlocals.ro\/termeni-si-conditii\/","url":"https:\/\/meetlocals.ro\/termeni-si-conditii\/","name":"Termeni si conditii - Your Best B2B Local Experiences Choice","isPartOf":{"@id":"https:\/\/meetlocals.ro\/#website"},"datePublished":"2022-01-11T12:13:31+00:00","dateModified":"2023-05-10T08:11:45+00:00","description":"Termeni si conditii","breadcrumb":{"@id":"https:\/\/meetlocals.ro\/termeni-si-conditii\/#breadcrumb"},"inLanguage":"en-GB","potentialAction":[{"@type":"ReadAction","target":["https:\/\/meetlocals.ro\/termeni-si-conditii\/"]}]},{"@type":"BreadcrumbList","@id":"https:\/\/meetlocals.ro\/termeni-si-conditii\/#breadcrumb","itemListElement":[{"@type":"ListItem","position":1,"name":"Prima pagin\u0103","item":"https:\/\/meetlocals.ro\/"},{"@type":"ListItem","position":2,"name":"Termeni si conditii"}]},{"@type":"WebSite","@id":"https:\/\/meetlocals.ro\/#website","url":"https:\/\/meetlocals.ro\/","name":"Your Best B2B Local Experiences Choice","description":"Your Best B2B Local Experiences Choice","publisher":{"@id":"https:\/\/meetlocals.ro\/#organization"},"potentialAction":[{"@type":"SearchAction","target":{"@type":"EntryPoint","urlTemplate":"https:\/\/meetlocals.ro\/?s={search_term_string}"},"query-input":"required name=search_term_string"}],"inLanguage":"en-GB"},{"@type":"Organization","@id":"https:\/\/meetlocals.ro\/#organization","name":"Meet Locals","url":"https:\/\/meetlocals.ro\/","logo":{"@type":"ImageObject","inLanguage":"en-GB","@id":"https:\/\/meetlocals.ro\/#\/schema\/logo\/image\/","url":"https:\/\/meetlocals.ro\/wp-content\/uploads\/2021\/09\/logo.png","contentUrl":"https:\/\/meetlocals.ro\/wp-content\/uploads\/2021\/09\/logo.png","width":274,"height":211,"caption":"Meet Locals"},"image":{"@id":"https:\/\/meetlocals.ro\/#\/schema\/logo\/image\/"}}]}},"_links":{"self":[{"href":"https:\/\/meetlocals.ro\/en\/wp-json\/wp\/v2\/pages\/1678"}],"collection":[{"href":"https:\/\/meetlocals.ro\/en\/wp-json\/wp\/v2\/pages"}],"about":[{"href":"https:\/\/meetlocals.ro\/en\/wp-json\/wp\/v2\/types\/page"}],"author":[{"embeddable":true,"href":"https:\/\/meetlocals.ro\/en\/wp-json\/wp\/v2\/users\/1"}],"replies":[{"embeddable":true,"href":"https:\/\/meetlocals.ro\/en\/wp-json\/wp\/v2\/comments?post=1678"}],"version-history":[{"count":0,"href":"https:\/\/meetlocals.ro\/en\/wp-json\/wp\/v2\/pages\/1678\/revisions"}],"wp:attachment":[{"href":"https:\/\/meetlocals.ro\/en\/wp-json\/wp\/v2\/media?parent=1678"}],"curies":[{"name":"wp","href":"https:\/\/api.w.org\/{rel}","templated":true}]}}