{"id":1687,"date":"2022-01-11T13:00:54","date_gmt":"2022-01-11T13:00:54","guid":{"rendered":"https:\/\/meetlocals.ro\/?page_id=1687"},"modified":"2023-05-10T08:13:26","modified_gmt":"2023-05-10T08:13:26","slug":"cookies-politica-cookie-urilor","status":"publish","type":"page","link":"https:\/\/meetlocals.ro\/en\/cookies-politica-cookie-urilor\/","title":{"rendered":"Cookie\/ Politica cookie-urilor"},"content":{"rendered":"<div data-elementor-type=\"wp-page\" data-elementor-id=\"1687\" class=\"elementor elementor-1687\" data-elementor-settings=\"[]\">\n\t\t\t\t\t\t\t<div class=\"elementor-section-wrap\">\n\t\t\t\t\t\t\t<section class=\"elementor-section elementor-top-section elementor-element elementor-element-4bed87d elementor-section-boxed elementor-section-height-default elementor-section-height-default\" data-id=\"4bed87d\" data-element_type=\"section\">\n\t\t\t\t\t\t<div class=\"elementor-container elementor-column-gap-default\">\n\t\t\t\t\t<div class=\"elementor-column elementor-col-100 elementor-top-column elementor-element elementor-element-cd8f0ca\" data-id=\"cd8f0ca\" data-element_type=\"column\">\n\t\t\t<div class=\"elementor-widget-wrap elementor-element-populated\">\n\t\t\t\t\t\t\t\t<div class=\"elementor-element elementor-element-8eeecc1 elementor-widget elementor-widget-text-editor\" data-id=\"8eeecc1\" data-element_type=\"widget\" data-widget_type=\"text-editor.default\">\n\t\t\t\t<div class=\"elementor-widget-container\">\n\t\t\t\t\t\t\t<p>In order for this site to work properly, we sometimes place small data files called cookies on your device. Most major internet sites do this.<\/p><p><b>What are cookies?<\/b><\/p><p>A cookie is a small text file that a site saves on your computer or mobile device when you visit the site. Allows the site to remember your actions and preferences (such as authentication, language, font size, and other displayed preferences) for a period of time, with no need to enter data each time you return to the site or browse from one page to another.<\/p><p><b>How do we use cookies?<\/b><\/p><p>Some of our pages use cookies to remember:<\/p><ul><li>Your display preferences, such as contrast settings or font size<\/li><li>If you've already responded to a pop-up survey asking if the content was useful or not (you won't be asked again)<\/li><li>If you have accepted (or not) the use of cookies on this site.<\/li><li>Also, some videos embedded in our pages use a cookie to anonymously collect statistics about how you got there and what videos you watched.<\/li><\/ul><p>Enabling these cookies is not strictly necessary for the operation of the site, but it will give you a better browsing experience. You can delete or block these cookies, but if you do, some features of this site may not work as intended.<\/p><p>Cookie information is not used to identify you, and print data is under our control. These cookies are not used for purposes other than those described in this information.\u00a0<\/p><p><b>How to control cookies:<\/b><\/p><p>You can control and \/ or delete cookies as you wish - for details, visit aboutcookies.org. You can delete all the cookies that are already on your computer and you can set most of the browsers to prevent them from being placed. However, if you do this, you may need to manually adjust certain preferences each time you visit a site, and some services and features may not work.<\/p><div>\u00a0<\/div>\t\t\t\t\t\t<\/div>\n\t\t\t\t<\/div>\n\t\t\t\t\t<\/div>\n\t\t<\/div>\n\t\t\t\t\t\t\t<\/div>\n\t\t<\/section>\n\t\t\t\t<section class=\"elementor-section elementor-top-section elementor-element elementor-element-08aadcc elementor-section-boxed elementor-section-height-default elementor-section-height-default\" data-id=\"08aadcc\" data-element_type=\"section\">\n\t\t\t\t\t\t<div class=\"elementor-container elementor-column-gap-default\">\n\t\t\t\t\t<div class=\"elementor-column elementor-col-100 elementor-top-column elementor-element elementor-element-c2501f1\" data-id=\"c2501f1\" data-element_type=\"column\">\n\t\t\t<div class=\"elementor-widget-wrap elementor-element-populated\">\n\t\t\t\t\t\t\t\t<div class=\"elementor-element elementor-element-a670ded elementor-widget-divider--view-line elementor-widget elementor-widget-divider\" data-id=\"a670ded\" data-element_type=\"widget\" data-widget_type=\"divider.default\">\n\t\t\t\t<div class=\"elementor-widget-container\">\n\t\t\t\t\t<div class=\"elementor-divider\">\n\t\t\t<span class=\"elementor-divider-separator\">\n\t\t\t\t\t\t<\/span>\n\t\t<\/div>\n\t\t\t\t<\/div>\n\t\t\t\t<\/div>\n\t\t\t\t\t<\/div>\n\t\t<\/div>\n\t\t\t\t\t\t\t<\/div>\n\t\t<\/section>\n\t\t\t\t\t\t<\/div>\n\t\t\t\t\t<\/div>","protected":false},"excerpt":{"rendered":"<p>Pentru ca acest site s\u0103 func\u021bioneze corespunz\u0103tor, uneori plas\u0103m mici fi\u0219iere de date numite cookie-uri pe dispozitivul dumneavoastr\u0103. Majoritatea site-urilor mari de internet fac acest lucru. Ce sunt cookie-urile? Un cookie este un fi\u0219ier text mic pe care un site \u00eel salveaz\u0103 pe computer sau pe dispozitivul mobil atunci c\u00e2nd vizita\u021bi site-ul. Permite site-ului s\u0103-\u0219i [&hellip;]<\/p>","protected":false},"author":1,"featured_media":0,"parent":0,"menu_order":0,"comment_status":"closed","ping_status":"closed","template":"","meta":[],"yoast_head":"<!-- This site is optimized with the Yoast SEO plugin v20.2.1 - https:\/\/yoast.com\/wordpress\/plugins\/seo\/ -->\n<title>Cookie\/ Politica cookie-urilor - Your Best B2B Local Experiences Choice<\/title>\n<meta name=\"description\" content=\"Un cookie este un fi\u0219ier text mic pe care un site \u00eel salveaz\u0103 pe computer sau pe dispozitivul mobil atunci c\u00e2nd vizita\u021bi site-ul.\" \/>\n<meta name=\"robots\" content=\"noindex, nofollow\" \/>\n<meta property=\"og:locale\" content=\"en_GB\" \/>\n<meta property=\"og:type\" content=\"article\" \/>\n<meta property=\"og:title\" content=\"Cookie\/ Politica cookie-urilor - Your Best B2B Local Experiences Choice\" \/>\n<meta property=\"og:description\" content=\"Un cookie este un fi\u0219ier text mic pe care un site \u00eel salveaz\u0103 pe computer sau pe dispozitivul mobil atunci c\u00e2nd vizita\u021bi site-ul.\" \/>\n<meta property=\"og:url\" content=\"https:\/\/meetlocals.ro\/en\/cookies-politica-cookie-urilor\/\" \/>\n<meta property=\"og:site_name\" content=\"Your Best B2B Local Experiences Choice\" \/>\n<meta property=\"article:modified_time\" content=\"2023-05-10T08:13:26+00:00\" \/>\n<meta name=\"twitter:card\" content=\"summary_large_image\" \/>\n<meta name=\"twitter:label1\" content=\"Estimated reading time\" \/>\n\t<meta name=\"twitter:data1\" content=\"2 minutes\" \/>\n<script type=\"application\/ld+json\" class=\"yoast-schema-graph\">{\"@context\":\"https:\/\/schema.org\",\"@graph\":[{\"@type\":\"WebPage\",\"@id\":\"https:\/\/meetlocals.ro\/cookies-politica-cookie-urilor\/\",\"url\":\"https:\/\/meetlocals.ro\/cookies-politica-cookie-urilor\/\",\"name\":\"Cookie\/ Politica cookie-urilor - Your Best B2B Local Experiences Choice\",\"isPartOf\":{\"@id\":\"https:\/\/meetlocals.ro\/#website\"},\"datePublished\":\"2022-01-11T13:00:54+00:00\",\"dateModified\":\"2023-05-10T08:13:26+00:00\",\"description\":\"Un cookie este un fi\u0219ier text mic pe care un site \u00eel salveaz\u0103 pe computer sau pe dispozitivul mobil atunci c\u00e2nd vizita\u021bi site-ul.\",\"breadcrumb\":{\"@id\":\"https:\/\/meetlocals.ro\/cookies-politica-cookie-urilor\/#breadcrumb\"},\"inLanguage\":\"en-GB\",\"potentialAction\":[{\"@type\":\"ReadAction\",\"target\":[\"https:\/\/meetlocals.ro\/cookies-politica-cookie-urilor\/\"]}]},{\"@type\":\"BreadcrumbList\",\"@id\":\"https:\/\/meetlocals.ro\/cookies-politica-cookie-urilor\/#breadcrumb\",\"itemListElement\":[{\"@type\":\"ListItem\",\"position\":1,\"name\":\"Prima pagin\u0103\",\"item\":\"https:\/\/meetlocals.ro\/\"},{\"@type\":\"ListItem\",\"position\":2,\"name\":\"Cookie\/ Politica cookie-urilor\"}]},{\"@type\":\"WebSite\",\"@id\":\"https:\/\/meetlocals.ro\/#website\",\"url\":\"https:\/\/meetlocals.ro\/\",\"name\":\"Your Best B2B Local Experiences Choice\",\"description\":\"Your Best B2B Local Experiences Choice\",\"publisher\":{\"@id\":\"https:\/\/meetlocals.ro\/#organization\"},\"potentialAction\":[{\"@type\":\"SearchAction\",\"target\":{\"@type\":\"EntryPoint\",\"urlTemplate\":\"https:\/\/meetlocals.ro\/?s={search_term_string}\"},\"query-input\":\"required name=search_term_string\"}],\"inLanguage\":\"en-GB\"},{\"@type\":\"Organization\",\"@id\":\"https:\/\/meetlocals.ro\/#organization\",\"name\":\"Meet Locals\",\"url\":\"https:\/\/meetlocals.ro\/\",\"logo\":{\"@type\":\"ImageObject\",\"inLanguage\":\"en-GB\",\"@id\":\"https:\/\/meetlocals.ro\/#\/schema\/logo\/image\/\",\"url\":\"https:\/\/meetlocals.ro\/wp-content\/uploads\/2021\/09\/logo.png\",\"contentUrl\":\"https:\/\/meetlocals.ro\/wp-content\/uploads\/2021\/09\/logo.png\",\"width\":274,\"height\":211,\"caption\":\"Meet Locals\"},\"image\":{\"@id\":\"https:\/\/meetlocals.ro\/#\/schema\/logo\/image\/\"}}]}<\/script>\n<!-- \/ Yoast SEO plugin. -->","yoast_head_json":{"title":"Cookie\/ Politica cookie-urilor - Your Best B2B Local Experiences Choice","description":"Un cookie este un fi\u0219ier text mic pe care un site \u00eel salveaz\u0103 pe computer sau pe dispozitivul mobil atunci c\u00e2nd vizita\u021bi site-ul.","robots":{"index":"noindex","follow":"nofollow"},"og_locale":"en_GB","og_type":"article","og_title":"Cookie\/ Politica cookie-urilor - Your Best B2B Local Experiences Choice","og_description":"Un cookie este un fi\u0219ier text mic pe care un site \u00eel salveaz\u0103 pe computer sau pe dispozitivul mobil atunci c\u00e2nd vizita\u021bi site-ul.","og_url":"https:\/\/meetlocals.ro\/en\/cookies-politica-cookie-urilor\/","og_site_name":"Your Best B2B Local Experiences Choice","article_modified_time":"2023-05-10T08:13:26+00:00","twitter_card":"summary_large_image","twitter_misc":{"Estimated reading time":"2 minutes"},"schema":{"@context":"https:\/\/schema.org","@graph":[{"@type":"WebPage","@id":"https:\/\/meetlocals.ro\/cookies-politica-cookie-urilor\/","url":"https:\/\/meetlocals.ro\/cookies-politica-cookie-urilor\/","name":"Cookie\/ Politica cookie-urilor - Your Best B2B Local Experiences Choice","isPartOf":{"@id":"https:\/\/meetlocals.ro\/#website"},"datePublished":"2022-01-11T13:00:54+00:00","dateModified":"2023-05-10T08:13:26+00:00","description":"Un cookie este un fi\u0219ier text mic pe care un site \u00eel salveaz\u0103 pe computer sau pe dispozitivul mobil atunci c\u00e2nd vizita\u021bi site-ul.","breadcrumb":{"@id":"https:\/\/meetlocals.ro\/cookies-politica-cookie-urilor\/#breadcrumb"},"inLanguage":"en-GB","potentialAction":[{"@type":"ReadAction","target":["https:\/\/meetlocals.ro\/cookies-politica-cookie-urilor\/"]}]},{"@type":"BreadcrumbList","@id":"https:\/\/meetlocals.ro\/cookies-politica-cookie-urilor\/#breadcrumb","itemListElement":[{"@type":"ListItem","position":1,"name":"Prima pagin\u0103","item":"https:\/\/meetlocals.ro\/"},{"@type":"ListItem","position":2,"name":"Cookie\/ Politica cookie-urilor"}]},{"@type":"WebSite","@id":"https:\/\/meetlocals.ro\/#website","url":"https:\/\/meetlocals.ro\/","name":"Your Best B2B Local Experiences Choice","description":"Your Best B2B Local Experiences Choice","publisher":{"@id":"https:\/\/meetlocals.ro\/#organization"},"potentialAction":[{"@type":"SearchAction","target":{"@type":"EntryPoint","urlTemplate":"https:\/\/meetlocals.ro\/?s={search_term_string}"},"query-input":"required name=search_term_string"}],"inLanguage":"en-GB"},{"@type":"Organization","@id":"https:\/\/meetlocals.ro\/#organization","name":"Meet Locals","url":"https:\/\/meetlocals.ro\/","logo":{"@type":"ImageObject","inLanguage":"en-GB","@id":"https:\/\/meetlocals.ro\/#\/schema\/logo\/image\/","url":"https:\/\/meetlocals.ro\/wp-content\/uploads\/2021\/09\/logo.png","contentUrl":"https:\/\/meetlocals.ro\/wp-content\/uploads\/2021\/09\/logo.png","width":274,"height":211,"caption":"Meet Locals"},"image":{"@id":"https:\/\/meetlocals.ro\/#\/schema\/logo\/image\/"}}]}},"_links":{"self":[{"href":"https:\/\/meetlocals.ro\/en\/wp-json\/wp\/v2\/pages\/1687"}],"collection":[{"href":"https:\/\/meetlocals.ro\/en\/wp-json\/wp\/v2\/pages"}],"about":[{"href":"https:\/\/meetlocals.ro\/en\/wp-json\/wp\/v2\/types\/page"}],"author":[{"embeddable":true,"href":"https:\/\/meetlocals.ro\/en\/wp-json\/wp\/v2\/users\/1"}],"replies":[{"embeddable":true,"href":"https:\/\/meetlocals.ro\/en\/wp-json\/wp\/v2\/comments?post=1687"}],"version-history":[{"count":0,"href":"https:\/\/meetlocals.ro\/en\/wp-json\/wp\/v2\/pages\/1687\/revisions"}],"wp:attachment":[{"href":"https:\/\/meetlocals.ro\/en\/wp-json\/wp\/v2\/media?parent=1687"}],"curies":[{"name":"wp","href":"https:\/\/api.w.org\/{rel}","templated":true}]}}